{"id":2589,"date":"2024-02-09T11:07:19","date_gmt":"2024-02-09T16:07:19","guid":{"rendered":"https:\/\/dba.science\/?page_id=2589"},"modified":"2024-07-29T07:39:19","modified_gmt":"2024-07-29T12:39:19","slug":"certificados","status":"publish","type":"page","link":"https:\/\/dba.science\/pt\/conference\/certificados\/","title":{"rendered":"Certificados"},"content":{"rendered":"\t\t<div data-elementor-type=\"wp-page\" data-elementor-id=\"2589\" class=\"elementor elementor-2589\" data-elementor-post-type=\"page\">\n\t\t\t\t\t\t<section class=\"elementor-section elementor-top-section elementor-element elementor-element-02729c3 elementor-section-full_width elementor-section-stretched elementor-section-height-default elementor-section-height-default\" data-id=\"02729c3\" data-element_type=\"section\" data-e-type=\"section\" data-settings=\"{&quot;stretch_section&quot;:&quot;section-stretched&quot;,&quot;background_background&quot;:&quot;classic&quot;}\">\n\t\t\t\t\t\t<div class=\"elementor-container elementor-column-gap-no\">\n\t\t\t\t\t<div class=\"elementor-column elementor-col-100 elementor-top-column elementor-element elementor-element-cc6a23e\" data-id=\"cc6a23e\" data-element_type=\"column\" data-e-type=\"column\">\n\t\t\t<div class=\"elementor-widget-wrap elementor-element-populated\">\n\t\t\t\t\t\t<div class=\"elementor-element elementor-element-a09422d elementor-nav-menu__align-center elementor-nav-menu--dropdown-tablet elementor-nav-menu__text-align-aside elementor-nav-menu--toggle elementor-nav-menu--burger elementor-widget elementor-widget-nav-menu\" data-id=\"a09422d\" data-element_type=\"widget\" data-e-type=\"widget\" data-settings=\"{&quot;layout&quot;:&quot;horizontal&quot;,&quot;submenu_icon&quot;:{&quot;value&quot;:&quot;&lt;i class=\\&quot;fas fa-caret-down\\&quot;&gt;&lt;\\\/i&gt;&quot;,&quot;library&quot;:&quot;fa-solid&quot;},&quot;toggle&quot;:&quot;burger&quot;}\" data-widget_type=\"nav-menu.default\">\n\t\t\t\t<div class=\"elementor-widget-container\">\n\t\t\t\t\t\t\t\t<nav aria-label=\"Menu\" class=\"elementor-nav-menu--main elementor-nav-menu__container elementor-nav-menu--layout-horizontal e--pointer-underline e--animation-fade\">\n\t\t\t\t<ul id=\"menu-1-a09422d\" class=\"elementor-nav-menu\"><li class=\"menu-item menu-item-type-custom menu-item-object-custom menu-item-2076\"><a href=\"https:\/\/dba.science\/\" class=\"elementor-item menu-link\"><a href=\"https:\/\/dba.science\/\" style=\"background-color:#000000\"><img decoding=\"async\" src=\"https:\/\/dba.science\/wp-content\/uploads\/2023\/09\/MicrosoftTeams-image-38.png\" alt=\"\" style=\"width: 65px; background-color: rgb(0, 0, 0);\"><\/a><\/a><\/li>\n<\/ul>\t\t\t<\/nav>\n\t\t\t\t\t<div class=\"elementor-menu-toggle\" role=\"button\" tabindex=\"0\" aria-label=\"Menu Toggle\" aria-expanded=\"false\">\n\t\t\t<i aria-hidden=\"true\" role=\"presentation\" class=\"elementor-menu-toggle__icon--open eicon-menu-bar\"><\/i><i aria-hidden=\"true\" role=\"presentation\" class=\"elementor-menu-toggle__icon--close eicon-close\"><\/i>\t\t<\/div>\n\t\t\t\t\t<nav class=\"elementor-nav-menu--dropdown elementor-nav-menu__container\" aria-hidden=\"true\">\n\t\t\t\t<ul id=\"menu-2-a09422d\" class=\"elementor-nav-menu\"><li class=\"menu-item menu-item-type-custom menu-item-object-custom menu-item-2076\"><a href=\"https:\/\/dba.science\/\" class=\"elementor-item menu-link\" tabindex=\"-1\"><a href=\"https:\/\/dba.science\/\" style=\"background-color:#000000\"><img decoding=\"async\" src=\"https:\/\/dba.science\/wp-content\/uploads\/2023\/09\/MicrosoftTeams-image-38.png\" alt=\"\" style=\"width: 65px; background-color: rgb(0, 0, 0);\"><\/a><\/a><\/li>\n<\/ul>\t\t\t<\/nav>\n\t\t\t\t\t\t<\/div>\n\t\t\t\t<\/div>\n\t\t\t\t\t<\/div>\n\t\t<\/div>\n\t\t\t\t\t<\/div>\n\t\t<\/section>\n\t\t\t\t<section class=\"elementor-section elementor-top-section elementor-element elementor-element-724a6ab elementor-section-boxed elementor-section-height-default elementor-section-height-default\" data-id=\"724a6ab\" data-element_type=\"section\" data-e-type=\"section\">\n\t\t\t\t\t\t<div class=\"elementor-container elementor-column-gap-default\">\n\t\t\t\t\t<div class=\"elementor-column elementor-col-100 elementor-top-column elementor-element elementor-element-8fe7dae\" data-id=\"8fe7dae\" data-element_type=\"column\" data-e-type=\"column\">\n\t\t\t<div class=\"elementor-widget-wrap elementor-element-populated\">\n\t\t\t\t\t\t<div class=\"elementor-element elementor-element-cd1bce6 elementor-widget elementor-widget-text-editor\" data-id=\"cd1bce6\" data-element_type=\"widget\" data-e-type=\"widget\" data-widget_type=\"text-editor.default\">\n\t\t\t\t<div class=\"elementor-widget-container\">\n\t\t\t\t\t\t\t\t\t<h2 style=\"text-align: center;\"><span style=\"color: #000000;\"><strong>Deep Brain Ablation World&nbsp;<\/strong><\/span>Congress<strong style=\"color: rgb(0, 0, 0); font-size: 2.13333rem; font-style: inherit; background-color: var(--ast-global-color-5);\">&nbsp;&#8211; DBA<\/strong><\/h2>\t\t\t\t\t\t\t\t<\/div>\n\t\t\t\t<\/div>\n\t\t\t\t<div class=\"elementor-element elementor-element-98256fb elementor-nav-menu__align-center elementor-nav-menu--dropdown-tablet elementor-nav-menu__text-align-aside elementor-nav-menu--toggle elementor-nav-menu--burger elementor-widget elementor-widget-nav-menu\" data-id=\"98256fb\" data-element_type=\"widget\" data-e-type=\"widget\" data-settings=\"{&quot;layout&quot;:&quot;horizontal&quot;,&quot;submenu_icon&quot;:{&quot;value&quot;:&quot;&lt;i class=\\&quot;fas fa-caret-down\\&quot;&gt;&lt;\\\/i&gt;&quot;,&quot;library&quot;:&quot;fa-solid&quot;},&quot;toggle&quot;:&quot;burger&quot;}\" data-widget_type=\"nav-menu.default\">\n\t\t\t\t<div class=\"elementor-widget-container\">\n\t\t\t\t\t\t\t\t<nav aria-label=\"Menu\" class=\"elementor-nav-menu--main elementor-nav-menu__container elementor-nav-menu--layout-horizontal e--pointer-underline e--animation-fade\">\n\t\t\t\t<ul id=\"menu-1-98256fb\" class=\"elementor-nav-menu\"><li class=\"menu-item menu-item-type-post_type menu-item-object-page menu-item-2488\"><a href=\"https:\/\/dba.science\/pt\/conference\/\" class=\"elementor-item menu-link\">Inicio<\/a><\/li>\n<li class=\"menu-item menu-item-type-post_type menu-item-object-page menu-item-2487\"><a href=\"https:\/\/dba.science\/pt\/conference\/nosotros\/\" class=\"elementor-item menu-link\">Nosotros<\/a><\/li>\n<li class=\"menu-item menu-item-type-post_type menu-item-object-page menu-item-2486\"><a href=\"https:\/\/dba.science\/pt\/conference\/programa\/\" class=\"elementor-item menu-link\">Programa<\/a><\/li>\n<li class=\"menu-item menu-item-type-post_type menu-item-object-page menu-item-2485\"><a href=\"https:\/\/dba.science\/pt\/conference\/inscripcion\/\" class=\"elementor-item menu-link\">Inscripci\u00f3n<\/a><\/li>\n<li class=\"menu-item menu-item-type-post_type menu-item-object-page menu-item-2484\"><a href=\"https:\/\/dba.science\/pt\/conference\/dba-hall\/\" class=\"elementor-item menu-link\">DBA Hall<\/a><\/li>\n<li class=\"menu-item menu-item-type-custom menu-item-object-custom menu-item-has-children menu-item-2592\"><a href=\"#\" class=\"elementor-item elementor-item-anchor menu-link\">Memorias<span role=\"application\" class=\"dropdown-menu-toggle ast-header-navigation-arrow\" tabindex=\"0\" aria-expanded=\"false\" aria-label=\"Alternar menu\" ><\/span><\/a>\n<ul class=\"sub-menu elementor-nav-menu--dropdown\">\n\t<li class=\"menu-item menu-item-type-post_type menu-item-object-page menu-item-2483\"><a href=\"https:\/\/dba.science\/pt\/conference\/memorias\/\" class=\"elementor-sub-item menu-link\">Galer\u00eda<\/a><\/li>\n\t<li class=\"menu-item menu-item-type-post_type menu-item-object-page menu-item-2593\"><a href=\"https:\/\/dba.science\/pt\/conference\/certificados\/\" class=\"elementor-sub-item menu-link\">Certificados<\/a><\/li>\n<\/ul>\n<\/li>\n<li class=\"menu-item menu-item-type-post_type menu-item-object-page menu-item-2482\"><a href=\"https:\/\/dba.science\/pt\/conference\/contacto\/\" class=\"elementor-item menu-link\">Contacto<\/a><\/li>\n<\/ul>\t\t\t<\/nav>\n\t\t\t\t\t<div class=\"elementor-menu-toggle\" role=\"button\" tabindex=\"0\" aria-label=\"Menu Toggle\" aria-expanded=\"false\">\n\t\t\t<i aria-hidden=\"true\" role=\"presentation\" class=\"elementor-menu-toggle__icon--open eicon-menu-bar\"><\/i><i aria-hidden=\"true\" role=\"presentation\" class=\"elementor-menu-toggle__icon--close eicon-close\"><\/i>\t\t<\/div>\n\t\t\t\t\t<nav class=\"elementor-nav-menu--dropdown elementor-nav-menu__container\" aria-hidden=\"true\">\n\t\t\t\t<ul id=\"menu-2-98256fb\" class=\"elementor-nav-menu\"><li class=\"menu-item menu-item-type-post_type menu-item-object-page menu-item-2488\"><a href=\"https:\/\/dba.science\/pt\/conference\/\" class=\"elementor-item menu-link\" tabindex=\"-1\">Inicio<\/a><\/li>\n<li class=\"menu-item menu-item-type-post_type menu-item-object-page menu-item-2487\"><a href=\"https:\/\/dba.science\/pt\/conference\/nosotros\/\" class=\"elementor-item menu-link\" tabindex=\"-1\">Nosotros<\/a><\/li>\n<li class=\"menu-item menu-item-type-post_type menu-item-object-page menu-item-2486\"><a href=\"https:\/\/dba.science\/pt\/conference\/programa\/\" class=\"elementor-item menu-link\" tabindex=\"-1\">Programa<\/a><\/li>\n<li class=\"menu-item menu-item-type-post_type menu-item-object-page menu-item-2485\"><a href=\"https:\/\/dba.science\/pt\/conference\/inscripcion\/\" class=\"elementor-item menu-link\" tabindex=\"-1\">Inscripci\u00f3n<\/a><\/li>\n<li class=\"menu-item menu-item-type-post_type menu-item-object-page menu-item-2484\"><a href=\"https:\/\/dba.science\/pt\/conference\/dba-hall\/\" class=\"elementor-item menu-link\" tabindex=\"-1\">DBA Hall<\/a><\/li>\n<li class=\"menu-item menu-item-type-custom menu-item-object-custom menu-item-has-children menu-item-2592\"><a href=\"#\" class=\"elementor-item elementor-item-anchor menu-link\" tabindex=\"-1\">Memorias<span role=\"application\" class=\"dropdown-menu-toggle ast-header-navigation-arrow\" tabindex=\"0\" aria-expanded=\"false\" aria-label=\"Alternar menu\" ><\/span><\/a>\n<ul class=\"sub-menu elementor-nav-menu--dropdown\">\n\t<li class=\"menu-item menu-item-type-post_type menu-item-object-page menu-item-2483\"><a href=\"https:\/\/dba.science\/pt\/conference\/memorias\/\" class=\"elementor-sub-item menu-link\" tabindex=\"-1\">Galer\u00eda<\/a><\/li>\n\t<li class=\"menu-item menu-item-type-post_type menu-item-object-page menu-item-2593\"><a href=\"https:\/\/dba.science\/pt\/conference\/certificados\/\" class=\"elementor-sub-item menu-link\" tabindex=\"-1\">Certificados<\/a><\/li>\n<\/ul>\n<\/li>\n<li class=\"menu-item menu-item-type-post_type menu-item-object-page menu-item-2482\"><a href=\"https:\/\/dba.science\/pt\/conference\/contacto\/\" class=\"elementor-item menu-link\" tabindex=\"-1\">Contacto<\/a><\/li>\n<\/ul>\t\t\t<\/nav>\n\t\t\t\t\t\t<\/div>\n\t\t\t\t<\/div>\n\t\t\t\t\t<\/div>\n\t\t<\/div>\n\t\t\t\t\t<\/div>\n\t\t<\/section>\n\t\t\t\t<section class=\"elementor-section elementor-top-section elementor-element elementor-element-912a57f elementor-section-boxed elementor-section-height-default elementor-section-height-default\" data-id=\"912a57f\" data-element_type=\"section\" data-e-type=\"section\">\n\t\t\t\t\t\t<div class=\"elementor-container elementor-column-gap-default\">\n\t\t\t\t\t<div class=\"elementor-column elementor-col-100 elementor-top-column elementor-element elementor-element-51f3b26\" data-id=\"51f3b26\" data-element_type=\"column\" data-e-type=\"column\">\n\t\t\t<div class=\"elementor-widget-wrap elementor-element-populated\">\n\t\t\t\t\t\t<div class=\"elementor-element elementor-element-3faef13 elementor-widget elementor-widget-shortcode\" data-id=\"3faef13\" data-element_type=\"widget\" data-e-type=\"widget\" data-widget_type=\"shortcode.default\">\n\t\t\t\t<div class=\"elementor-widget-container\">\n\t\t\t\t\t  <style>\n    .modal-overlay {\n      position: fixed;\n      top: 0;\n      left: 0;\n      right: 0;\n      bottom: 0;\n      background-color: rgba(0, 0, 0, 0.5);\n      display: flex;\n      justify-content: center;\n      align-items: center;\n      z-index: 9999;\n    }\n\n    .modal-content {\n      background-color: #fff;\n      padding: 20px;\n      border-radius: 5px;\n      max-width: 400px;\n      text-align: center;\n    }\n\n    .modal-title {\n      font-size: 24px;\n      margin-bottom: 10px;\n    }\n\n    .modal-message {\n      font-size: 16px;\n      margin-bottom: 20px;\n    }\n\n    .modal-link {\n      color: #007bff;\n      text-decoration: none;\n    }\n\n    .modal-button {\n      background-color: #007bff;\n      color: #fff;\n      border: none;\n      padding: 8px 16px;\n      font-size: 16px;\n      border-radius: 3px;\n      cursor: pointer;\n    }\n\t  \n\t.hide-button {\n      display: none;\n    }\n  <\/style>\n\n<button type=\"button\" class=\"btn btn-primary hide-button\" onclick=\"verificarEncuesta2(datos)\">\n    Verificar Encuesta\n  <\/button>\n\n  <!-- Mensaje emergente -->\n  <div class=\"modal-overlay\" id=\"mensajeEmergente\" style=\"display: none;\">\n    <div class=\"modal-content\">\n      <h2>\u00a1Muchas gracias por su participaci\u00f3n!<\/h2>\n      <p>Para nosotros es muy importante conocer su opini\u00f3n con el prop\u00f3sito de mejorar continuamente. Le invitamos a realizar la evaluaci\u00f3n del evento y posteriormente podr\u00e1 descargar su certificado de participaci\u00f3n, ingresando nuevamente su n\u00famero de cedula. <a href=\"https:\/\/forms.gle\/M3c68mYTZ5cYchsV8\">Enlace<\/a><\/p>\n      <button type=\"button\" onclick=\"cerrarMensaje()\">Cerrar<\/button>\n    <\/div>\n  <\/div>\n\n\n\n\n\n\n\n<div class=\"form\">\n      <div id=\"asistencia\">   \n        <h2>Certificado de asistencia DBA<\/h2>\n        <form id=\"form-asistencia\">\n          <div class=\"field-wrap\">\n            <label>\n              Digite su c\u00e9dula<span class=\"req\">*<\/span>\n            <\/label>\n            <input id=\"cedula_asistencia\" type=\"text\"required autocomplete=\"off\" required\/>\n          <\/div>\n          <button type=\"submit\" class=\"button button-block\">Descargar Certificado<\/button>\n        <\/form>\n      <\/div>\n<\/div>\n\n<script>\n        async function getCSVFByDocId(id, rango, key) {\n            let url = `https:\/\/sheets.googleapis.com\/v4\/spreadsheets\/${encodeURIComponent(id)}\/values\/${encodeURIComponent(rango)}?key=${encodeURIComponent(key)}`;\n            const response = await fetch(url);\n            return response.json();\n        }\n        \n        function procesaDatosAJSON(infoJson) {\n            let entries = infoJson.values;\n            let numFilas = entries.length;\n            let campos = [];\n            let datos = [];\n\n            for(var f = 0; f < numFilas; f++) {\n                let fila = entries[f];\n                let obj = {};\n\n                for(var c = 0; c < fila.length; c++) {\n                    let celda = fila[c];\n                    if (f == 0){\n                        campos.push(celda);\n                    } else {\n                        obj[campos[c]] = celda;\n                    }\n                }\n                if (f > 0) datos.push(obj);\n            }\n            return datos;\n        }\n\n        function verificarEncuesta(datos) {\n\t\t\tlet cedula = sanitizeInput($(\"#cedula_asistencia\").val());\n\t\t\tlet cedulaEncontrada = datos.some(item => cedula == item[\"N\u00famero documento de identidad\"]);\n\n\t\t\tif (cedulaEncontrada) {\n\t\t\t\tejecutarCertificado1();\n\t\t\t} else {\n\t\t\t\tmostrarMensaje();\n\t\t\t\t$(\"#cedula_asistencia\").val(\"\");\n\t\t\t}\n\t\t}\n\t\n\tfunction sanitizeInput(input) {\n    return input.replace(\/[^a-zA-Z0-9]\/g, ''); \/\/ Elimina caracteres no alfanum\u00e9ricos\n}\n\n\n\n        function mostrarMensaje() {\n            document.getElementById('mensajeEmergente').style.display = 'flex';\n        }\n\n        function cerrarMensaje() {\n            document.getElementById('mensajeEmergente').style.display = 'none';\n        }\n\n        function ejecutarCertificado1(){\n            getCSVFByDocId('1KQq0dDQa7fYxpCcK0J7fPaJt2Af11IVUcn2uAxDHVFY', 'datos_web!A:Z', 'AIzaSyBnk4I7IbLq1GV4wVuIypF6lAXijdVknSw')\n                .then(procesaDatosAJSON)\n                .then(participacion_pdf);\n        }\n\n        function participacion_pdf(datos) {\n            let cedula = $(\"#cedula_asistencia\").val();\n            let name, cedula1, tipo, ciudad, trabajo;\n            for (let item of datos) {  \n                if (cedula == item.cedula) {\n\t\t\t\t\tname = item.nombre || \"\";\n\t\t\t\t\tcedula1 = item.cedula || \"\";\n\t\t\t\t\ttipo = item.tipo || \"\";\n\t\t\t\t\tciudad = item.ciudad || \"\";\n\t\t\t\t\tbreak;\n\t\t\t\t}\n            }\n            if (name) {\n                var xhr = new XMLHttpRequest();\n                xhr.open('GET', 'https:\/\/dba.science\/wp-content\/plugins\/dba2024\/includes\/templates_pdf\/asistente_pdf.php' + '?name=' + name + '&cedula1=' + cedula1 + '&tipo=' + tipo + '&ciudad=' + ciudad, true);\n                xhr.responseType = 'blob';\n                xhr.onload = function(e) {\n                    if (this.status == 200) {\n                        var blob = new Blob([this.response], {type: 'application\/pdf'});\n                        var link = document.createElement('a');\n                        link.href = window.URL.createObjectURL(blob);\n                        link.download = \"Certificado - Asistencia DBA \" + name + \".pdf\"; \n                        link.click();\n                        $(\"#cedula_asistencia\").val(\"\");\n                        $(\"label\").removeClass('active highlight');   \n                    }\n                };\n                xhr.send(); \n            } else {\n                alert(\"Su c\u00e9dula no se encuentra registrada como asistente, si tiene alguna inquietud por favor comunicarse al correo dbaconference@uninavarra.edu.co indicandonos su inquietud\");\n                $(\"#cedula_asistencia\").val(\"\");\n                $(\"label\").removeClass('active highlight'); \n            } \n        }\n\n        function submitForm() {\n            getCSVFByDocId('1oTxwT143QsKl2V1kJ77r3ZDtECwlOi9DUcM0UhuKRGc', 'Respuestas de formulario 1!A:Z', 'AIzaSyBnk4I7IbLq1GV4wVuIypF6lAXijdVknSw')\n                .then(procesaDatosAJSON)\n                .then(verificarEncuesta);\n        }\n\n        $(\"#form-asistencia\").on('submit', function(e) {\n            e.preventDefault();\n            submitForm();\n        });\n<\/script>\t\t<div class=\"elementor-shortcode\"><\/div>\n\t\t\t\t\t\t<\/div>\n\t\t\t\t<\/div>\n\t\t\t\t\t<\/div>\n\t\t<\/div>\n\t\t\t\t\t<\/div>\n\t\t<\/section>\n\t\t\t\t<\/div>\n\t\t","protected":false},"excerpt":{"rendered":"<p>Deep Brain Ablation World&nbsp;Congress&nbsp;&#8211; DBA<\/p>","protected":false},"author":1,"featured_media":0,"parent":1939,"menu_order":0,"comment_status":"closed","ping_status":"closed","template":"","meta":{"pmpro_default_level":"0","site-sidebar-layout":"no-sidebar","site-content-layout":"page-builder","ast-site-content-layout":"full-width-container","site-content-style":"default","site-sidebar-style":"default","ast-global-header-display":"","ast-banner-title-visibility":"","ast-main-header-display":"","ast-hfb-above-header-display":"","ast-hfb-below-header-display":"","ast-hfb-mobile-header-display":"","site-post-title":"disabled","ast-breadcrumbs-content":"","ast-featured-img":"disabled","footer-sml-layout":"","theme-transparent-header-meta":"","adv-header-id-meta":"","stick-header-meta":"","header-above-stick-meta":"","header-main-stick-meta":"","header-below-stick-meta":"","astra-migrate-meta-layouts":"set","ast-page-background-enabled":"default","ast-page-background-meta":{"desktop":{"background-color":"var(--ast-global-color-4)","background-image":"","background-repeat":"repeat","background-position":"center center","background-size":"auto","background-attachment":"scroll","background-type":"","background-media":"","overlay-type":"","overlay-color":"","overlay-gradient":""},"tablet":{"background-color":"","background-image":"","background-repeat":"repeat","background-position":"center center","background-size":"auto","background-attachment":"scroll","background-type":"","background-media":"","overlay-type":"","overlay-color":"","overlay-gradient":""},"mobile":{"background-color":"","background-image":"","background-repeat":"repeat","background-position":"center center","background-size":"auto","background-attachment":"scroll","background-type":"","background-media":"","overlay-type":"","overlay-color":"","overlay-gradient":""}},"ast-content-background-meta":{"desktop":{"background-color":"var(--ast-global-color-5)","background-image":"","background-repeat":"repeat","background-position":"center center","background-size":"auto","background-attachment":"scroll","background-type":"","background-media":"","overlay-type":"","overlay-color":"","overlay-gradient":""},"tablet":{"background-color":"var(--ast-global-color-5)","background-image":"","background-repeat":"repeat","background-position":"center center","background-size":"auto","background-attachment":"scroll","background-type":"","background-media":"","overlay-type":"","overlay-color":"","overlay-gradient":""},"mobile":{"background-color":"var(--ast-global-color-5)","background-image":"","background-repeat":"repeat","background-position":"center center","background-size":"auto","background-attachment":"scroll","background-type":"","background-media":"","overlay-type":"","overlay-color":"","overlay-gradient":""}},"footnotes":""},"class_list":["post-2589","page","type-page","status-publish","hentry","pmpro-has-access"],"_links":{"self":[{"href":"https:\/\/dba.science\/pt\/wp-json\/wp\/v2\/pages\/2589","targetHints":{"allow":["GET"]}}],"collection":[{"href":"https:\/\/dba.science\/pt\/wp-json\/wp\/v2\/pages"}],"about":[{"href":"https:\/\/dba.science\/pt\/wp-json\/wp\/v2\/types\/page"}],"author":[{"embeddable":true,"href":"https:\/\/dba.science\/pt\/wp-json\/wp\/v2\/users\/1"}],"replies":[{"embeddable":true,"href":"https:\/\/dba.science\/pt\/wp-json\/wp\/v2\/comments?post=2589"}],"version-history":[{"count":0,"href":"https:\/\/dba.science\/pt\/wp-json\/wp\/v2\/pages\/2589\/revisions"}],"up":[{"embeddable":true,"href":"https:\/\/dba.science\/pt\/wp-json\/wp\/v2\/pages\/1939"}],"wp:attachment":[{"href":"https:\/\/dba.science\/pt\/wp-json\/wp\/v2\/media?parent=2589"}],"curies":[{"name":"wp","href":"https:\/\/api.w.org\/{rel}","templated":true}]}}