{"id":13,"date":"2022-08-24T08:19:39","date_gmt":"2022-08-24T13:19:39","guid":{"rendered":"http:\/\/localhost\/simulacion\/?page_id=13"},"modified":"2024-03-06T13:56:18","modified_gmt":"2024-03-06T18:56:18","slug":"about","status":"publish","type":"page","link":"https:\/\/dba.science\/pt\/about\/","title":{"rendered":"SOMOS"},"content":{"rendered":"<div data-elementor-type=\"wp-page\" data-elementor-id=\"13\" class=\"elementor elementor-13\" data-elementor-post-type=\"page\">\n\t\t\t\t\t\t<section class=\"elementor-section elementor-top-section elementor-element elementor-element-42e0c6d elementor-section-full_width elementor-section-stretched elementor-section-height-default elementor-section-height-default\" data-id=\"42e0c6d\" data-element_type=\"section\" data-e-type=\"section\" data-settings=\"{&quot;stretch_section&quot;:&quot;section-stretched&quot;,&quot;background_background&quot;:&quot;classic&quot;}\">\n\t\t\t\t\t\t<div class=\"elementor-container elementor-column-gap-no\">\n\t\t\t\t\t<div class=\"elementor-column elementor-col-100 elementor-top-column elementor-element elementor-element-6cf43f4\" data-id=\"6cf43f4\" data-element_type=\"column\" data-e-type=\"column\">\n\t\t\t<div class=\"elementor-widget-wrap elementor-element-populated\">\n\t\t\t\t\t\t<div class=\"elementor-element elementor-element-865a155 elementor-nav-menu__align-center elementor-nav-menu--dropdown-tablet elementor-nav-menu__text-align-aside elementor-nav-menu--toggle elementor-nav-menu--burger elementor-widget elementor-widget-nav-menu\" data-id=\"865a155\" data-element_type=\"widget\" data-e-type=\"widget\" data-settings=\"{&quot;layout&quot;:&quot;horizontal&quot;,&quot;submenu_icon&quot;:{&quot;value&quot;:&quot;&lt;i class=\\&quot;fas fa-caret-down\\&quot;&gt;&lt;\\\/i&gt;&quot;,&quot;library&quot;:&quot;fa-solid&quot;},&quot;toggle&quot;:&quot;burger&quot;}\" data-widget_type=\"nav-menu.default\">\n\t\t\t\t<div class=\"elementor-widget-container\">\n\t\t\t\t\t\t\t\t<nav aria-label=\"Menu\" class=\"elementor-nav-menu--main elementor-nav-menu__container elementor-nav-menu--layout-horizontal e--pointer-underline e--animation-fade\">\n\t\t\t\t<ul id=\"menu-1-865a155\" class=\"elementor-nav-menu\"><li class=\"menu-item menu-item-type-custom menu-item-object-custom menu-item-2076\"><a href=\"https:\/\/dba.science\/pt\/\" class=\"elementor-item menu-link\"><a href=\"https:\/\/dba.science\/pt\/\" style=\"background-color:#000000\"><img decoding=\"async\" src=\"https:\/\/dba.science\/wp-content\/uploads\/2023\/09\/MicrosoftTeams-image-38.png\" alt=\"\" style=\"width: 65px; background-color: rgb(0, 0, 0);\"><\/a><\/a><\/li>\n<\/ul>\t\t\t<\/nav>\n\t\t\t\t\t<div class=\"elementor-menu-toggle\" role=\"button\" tabindex=\"0\" aria-label=\"Menu Toggle\" aria-expanded=\"false\">\n\t\t\t<i aria-hidden=\"true\" role=\"presentation\" class=\"elementor-menu-toggle__icon--open eicon-menu-bar\"><\/i><i aria-hidden=\"true\" role=\"presentation\" class=\"elementor-menu-toggle__icon--close eicon-close\"><\/i>\t\t<\/div>\n\t\t\t\t\t<nav class=\"elementor-nav-menu--dropdown elementor-nav-menu__container\" aria-hidden=\"true\">\n\t\t\t\t<ul id=\"menu-2-865a155\" class=\"elementor-nav-menu\"><li class=\"menu-item menu-item-type-custom menu-item-object-custom menu-item-2076\"><a href=\"https:\/\/dba.science\/pt\/\" class=\"elementor-item menu-link\" tabindex=\"-1\"><a href=\"https:\/\/dba.science\/pt\/\" style=\"background-color:#000000\"><img decoding=\"async\" src=\"https:\/\/dba.science\/wp-content\/uploads\/2023\/09\/MicrosoftTeams-image-38.png\" alt=\"\" style=\"width: 65px; background-color: rgb(0, 0, 0);\"><\/a><\/a><\/li>\n<\/ul>\t\t\t<\/nav>\n\t\t\t\t\t\t<\/div>\n\t\t\t\t<\/div>\n\t\t\t\t\t<\/div>\n\t\t<\/div>\n\t\t\t\t\t<\/div>\n\t\t<\/section>\n\t\t\t\t<section class=\"elementor-section elementor-top-section elementor-element elementor-element-a346bcb elementor-section-boxed elementor-section-height-default elementor-section-height-default\" data-id=\"a346bcb\" data-element_type=\"section\" data-e-type=\"section\">\n\t\t\t\t\t\t<div class=\"elementor-container elementor-column-gap-default\">\n\t\t\t\t\t<div class=\"elementor-column elementor-col-100 elementor-top-column elementor-element elementor-element-a7a5180\" data-id=\"a7a5180\" data-element_type=\"column\" data-e-type=\"column\">\n\t\t\t<div class=\"elementor-widget-wrap elementor-element-populated\">\n\t\t\t\t\t\t<div class=\"elementor-element elementor-element-966b339 elementor-widget elementor-widget-heading\" data-id=\"966b339\" data-element_type=\"widget\" data-e-type=\"widget\" data-widget_type=\"heading.default\">\n\t\t\t\t<div class=\"elementor-widget-container\">\n\t\t\t\t\t<h2 class=\"elementor-heading-title elementor-size-default\">SOMOS<\/h2>\t\t\t\t<\/div>\n\t\t\t\t<\/div>\n\t\t\t\t\t<\/div>\n\t\t<\/div>\n\t\t\t\t\t<\/div>\n\t\t<\/section>\n\t\t\t\t<section class=\"elementor-section elementor-top-section elementor-element elementor-element-3d6547d elementor-section-boxed elementor-section-height-default elementor-section-height-default\" data-id=\"3d6547d\" data-element_type=\"section\" data-e-type=\"section\">\n\t\t\t\t\t\t<div class=\"elementor-container elementor-column-gap-default\">\n\t\t\t\t\t<div class=\"elementor-column elementor-col-100 elementor-top-column elementor-element elementor-element-4b1ce4c\" data-id=\"4b1ce4c\" data-element_type=\"column\" data-e-type=\"column\">\n\t\t\t<div class=\"elementor-widget-wrap elementor-element-populated\">\n\t\t\t\t\t\t<div class=\"elementor-element elementor-element-d23da96 elementor-widget elementor-widget-text-editor\" data-id=\"d23da96\" data-element_type=\"widget\" data-e-type=\"widget\" data-widget_type=\"text-editor.default\">\n\t\t\t\t<div class=\"elementor-widget-container\">\n\t\t\t\t\t\t\t\t\t<h3 style=\"text-align: center;\"><span style=\"color: #000000;\"><strong>Abla\u00e7\u00e3o cerebral profunda<\/strong><\/span><\/h3><p><span style=\"color: #000000;\">Procedimento m\u00e9dico inovador no campo da neurocirurgia envolvendo o uso de dispositivos a laser para a destrui\u00e7\u00e3o e\/ou remo\u00e7\u00e3o seletiva de tecido cerebral como alternativa de tratamento para condi\u00e7\u00f5es neurol\u00f3gicas de origem funcional e\/ou tumoral.<\/span><\/p><p>\u00a0<\/p><h3 style=\"text-align: center;\"><span style=\"color: #000000;\"><strong>Epidemiologia dos tumores cerebrais<\/strong><\/span><\/h3><p><span style=\"color: #000000;\">Os tumores cerebrais e outros tumores do sistema nervoso central representam 1% de todas as neoplasias malignas nos Estados Unidos, afetando principalmente crian\u00e7as e adolescentes com uma incid\u00eancia ajustada por idade de 3,55 casos por 100.000 indiv\u00edduos. Em adultos com mais de 40 anos de idade, eles s\u00e3o considerados a oitava principal causa de mortalidade.<\/span><br \/><span style=\"color: #000000;\">Os gliomas s\u00e3o considerados a principal forma histol\u00f3gica de apresenta\u00e7\u00e3o, com cerca de 491 PPT3T do n\u00famero total de casos relatados. No entanto, pelo menos uma centena de outras formas histol\u00f3gicas s\u00e3o relatadas, variando de acordo com a idade, o sexo e a regi\u00e3o geogr\u00e1fica. Na Col\u00f4mbia, os dados epidemiol\u00f3gicos sobre tumores cerebrais representaram um desafio significativo para o sistema de sa\u00fade do pa\u00eds, principalmente associado a dificuldades na coleta de dados precisos para facilitar o estabelecimento de estrat\u00e9gias priorit\u00e1rias de preven\u00e7\u00e3o e tratamento no campo da sa\u00fade.<\/span><\/p><p>\u00a0<\/p><h3 style=\"text-align: center;\"><span style=\"color: #000000;\"><strong>Cirurgias ablativas<\/strong><\/span><\/h3><p><span style=\"color: #000000;\">As cirurgias ablativas representaram um avan\u00e7o crucial no tratamento de uma ampla gama de condi\u00e7\u00f5es m\u00e9dicas, incluindo patologias causadas por tumores, melhorando as taxas de sobreviv\u00eancia e a qualidade de vida de milh\u00f5es de pessoas em todo o mundo e aumentando a efic\u00e1cia do tratamento do c\u00e2ncer em todo o mundo. No entanto, na Am\u00e9rica Latina, existem problemas socioecon\u00f4micos alarmantes que historicamente limitaram o desenvolvimento da ind\u00fastria biom\u00e9dica e, portanto, estabeleceram barreiras no acesso aos servi\u00e7os de sa\u00fade associados a altos custos de sa\u00fade e ao empobrecimento do grupo familiar afetado.<\/span><\/p><p>\u00a0<\/p><h3 style=\"text-align: center;\"><span style=\"color: #000000;\"><strong>Miss\u00e3o<\/strong><\/span><\/h3><p><span style=\"color: #000000;\">Somos uma organiza\u00e7\u00e3o que visa gerar iniciativas de pesquisa sobre terapias ablativas para o tratamento de les\u00f5es tumorais no sistema nervoso central, estabelecendo uma plataforma segura, centralizada e colaborativa para coletar, organizar e compartilhar dados de alta qualidade relacionados \u00e0 epidemiologia, ao diagn\u00f3stico, ao tratamento e ao acompanhamento de tumores cerebrais.<\/span><\/p><p>\u00a0<\/p><h3 style=\"text-align: center;\"><span style=\"color: #000000;\"><strong>Vis\u00e3o<\/strong><\/span><\/h3><p><span style=\"color: #000000;\">Buscamos ser pioneiros na coleta de dados em tempo real sobre tumores cerebrais diagnosticados, fornecendo aos profissionais de sa\u00fade uma ferramenta valiosa para o monitoramento e a tomada de decis\u00f5es com base em dados precisos que podem contribuir significativamente para os resultados do tratamento e a qualidade de vida das pessoas que lutam contra essas doen\u00e7as.<\/span><\/p>\t\t\t\t\t\t\t\t<\/div>\n\t\t\t\t<\/div>\n\t\t\t\t\t<\/div>\n\t\t<\/div>\n\t\t\t\t\t<\/div>\n\t\t<\/section>\n\t\t\t\t<\/div>","protected":false},"excerpt":{"rendered":"<p>WE ARE Deep Brain Ablation Procedimiento m\u00e9dico innovador en el campo de la neurocirug\u00eda que involucra el uso de dispositivos l\u00e1ser para la destrucci\u00f3n y\/o eliminaci\u00f3n selectiva del tejido cerebral como alternativa de tratamiento para condiciones neurol\u00f3gicas de origen funcional y\/o tumoral. \u00a0 Epidemiolog\u00eda de los tumores cerebrales Los tumores cerebrales y otros tumores del [&hellip;]<\/p>\n","protected":false},"author":1,"featured_media":0,"parent":0,"menu_order":0,"comment_status":"closed","ping_status":"closed","template":"","meta":{"pmpro_default_level":"0","site-sidebar-layout":"no-sidebar","site-content-layout":"page-builder","ast-site-content-layout":"full-width-container","site-content-style":"unboxed","site-sidebar-style":"unboxed","ast-global-header-display":"","ast-banner-title-visibility":"","ast-main-header-display":"","ast-hfb-above-header-display":"","ast-hfb-below-header-display":"","ast-hfb-mobile-header-display":"","site-post-title":"","ast-breadcrumbs-content":"","ast-featured-img":"disabled","footer-sml-layout":"","theme-transparent-header-meta":"","adv-header-id-meta":"","stick-header-meta":"","header-above-stick-meta":"","header-main-stick-meta":"","header-below-stick-meta":"","astra-migrate-meta-layouts":"set","ast-page-background-enabled":"default","ast-page-background-meta":{"desktop":{"background-color":"var(--ast-global-color-4)","background-image":"","background-repeat":"repeat","background-position":"center center","background-size":"auto","background-attachment":"scroll","background-type":"","background-media":"","overlay-type":"","overlay-color":"","overlay-gradient":""},"tablet":{"background-color":"","background-image":"","background-repeat":"repeat","background-position":"center center","background-size":"auto","background-attachment":"scroll","background-type":"","background-media":"","overlay-type":"","overlay-color":"","overlay-gradient":""},"mobile":{"background-color":"","background-image":"","background-repeat":"repeat","background-position":"center center","background-size":"auto","background-attachment":"scroll","background-type":"","background-media":"","overlay-type":"","overlay-color":"","overlay-gradient":""}},"ast-content-background-meta":{"desktop":{"background-color":"var(--ast-global-color-5)","background-image":"","background-repeat":"repeat","background-position":"center center","background-size":"auto","background-attachment":"scroll","background-type":"","background-media":"","overlay-type":"","overlay-color":"","overlay-gradient":""},"tablet":{"background-color":"var(--ast-global-color-5)","background-image":"","background-repeat":"repeat","background-position":"center center","background-size":"auto","background-attachment":"scroll","background-type":"","background-media":"","overlay-type":"","overlay-color":"","overlay-gradient":""},"mobile":{"background-color":"var(--ast-global-color-5)","background-image":"","background-repeat":"repeat","background-position":"center center","background-size":"auto","background-attachment":"scroll","background-type":"","background-media":"","overlay-type":"","overlay-color":"","overlay-gradient":""}},"footnotes":""},"class_list":["post-13","page","type-page","status-publish","hentry","pmpro-has-access"],"_links":{"self":[{"href":"https:\/\/dba.science\/pt\/wp-json\/wp\/v2\/pages\/13","targetHints":{"allow":["GET"]}}],"collection":[{"href":"https:\/\/dba.science\/pt\/wp-json\/wp\/v2\/pages"}],"about":[{"href":"https:\/\/dba.science\/pt\/wp-json\/wp\/v2\/types\/page"}],"author":[{"embeddable":true,"href":"https:\/\/dba.science\/pt\/wp-json\/wp\/v2\/users\/1"}],"replies":[{"embeddable":true,"href":"https:\/\/dba.science\/pt\/wp-json\/wp\/v2\/comments?post=13"}],"version-history":[{"count":0,"href":"https:\/\/dba.science\/pt\/wp-json\/wp\/v2\/pages\/13\/revisions"}],"wp:attachment":[{"href":"https:\/\/dba.science\/pt\/wp-json\/wp\/v2\/media?parent=13"}],"curies":[{"name":"wp","href":"https:\/\/api.w.org\/{rel}","templated":true}]}}