{"id":1778,"date":"2023-07-13T07:48:23","date_gmt":"2023-07-13T12:48:23","guid":{"rendered":"https:\/\/dba.uninavarra.edu.co\/membership-account\/membership-levels\/"},"modified":"2024-02-10T10:32:37","modified_gmt":"2024-02-10T15:32:37","slug":"membership-levels","status":"publish","type":"page","link":"https:\/\/dba.science\/de\/membership-account\/membership-levels\/","title":{"rendered":"Mitgliedschaftsstufen"},"content":{"rendered":"<div data-elementor-type=\"wp-page\" data-elementor-id=\"1778\" class=\"elementor elementor-1778\" data-elementor-post-type=\"page\">\n\t\t\t\t\t\t<section class=\"elementor-section elementor-top-section elementor-element elementor-element-21408fb elementor-section-full_width elementor-section-stretched elementor-section-height-default elementor-section-height-default\" data-id=\"21408fb\" data-element_type=\"section\" data-e-type=\"section\" data-settings=\"{&quot;stretch_section&quot;:&quot;section-stretched&quot;,&quot;background_background&quot;:&quot;classic&quot;}\">\n\t\t\t\t\t\t<div class=\"elementor-container elementor-column-gap-no\">\n\t\t\t\t\t<div class=\"elementor-column elementor-col-100 elementor-top-column elementor-element elementor-element-3da3d81\" data-id=\"3da3d81\" data-element_type=\"column\" data-e-type=\"column\">\n\t\t\t<div class=\"elementor-widget-wrap elementor-element-populated\">\n\t\t\t\t\t\t<div class=\"elementor-element elementor-element-abb40d6 elementor-nav-menu__align-center elementor-nav-menu--dropdown-tablet elementor-nav-menu__text-align-aside elementor-nav-menu--toggle elementor-nav-menu--burger elementor-widget elementor-widget-nav-menu\" data-id=\"abb40d6\" data-element_type=\"widget\" data-e-type=\"widget\" data-settings=\"{&quot;layout&quot;:&quot;horizontal&quot;,&quot;submenu_icon&quot;:{&quot;value&quot;:&quot;&lt;i class=\\&quot;fas fa-caret-down\\&quot;&gt;&lt;\\\/i&gt;&quot;,&quot;library&quot;:&quot;fa-solid&quot;},&quot;toggle&quot;:&quot;burger&quot;}\" data-widget_type=\"nav-menu.default\">\n\t\t\t\t<div class=\"elementor-widget-container\">\n\t\t\t\t\t\t\t\t<nav aria-label=\"Menu\" class=\"elementor-nav-menu--main elementor-nav-menu__container elementor-nav-menu--layout-horizontal e--pointer-underline e--animation-fade\">\n\t\t\t\t<ul id=\"menu-1-abb40d6\" class=\"elementor-nav-menu\"><li class=\"menu-item menu-item-type-custom menu-item-object-custom menu-item-2076\"><a href=\"https:\/\/dba.science\/de\/\" class=\"elementor-item menu-link\"><a href=\"https:\/\/dba.science\/de\/\" style=\"background-color:#000000\"><img decoding=\"async\" src=\"https:\/\/dba.science\/wp-content\/uploads\/2023\/09\/MicrosoftTeams-image-38.png\" alt=\"\" style=\"width: 65px; background-color: rgb(0, 0, 0);\"><\/a><\/a><\/li>\n<\/ul>\t\t\t<\/nav>\n\t\t\t\t\t<div class=\"elementor-menu-toggle\" role=\"button\" tabindex=\"0\" aria-label=\"Menu Toggle\" aria-expanded=\"false\">\n\t\t\t<i aria-hidden=\"true\" role=\"presentation\" class=\"elementor-menu-toggle__icon--open eicon-menu-bar\"><\/i><i aria-hidden=\"true\" role=\"presentation\" class=\"elementor-menu-toggle__icon--close eicon-close\"><\/i>\t\t<\/div>\n\t\t\t\t\t<nav class=\"elementor-nav-menu--dropdown elementor-nav-menu__container\" aria-hidden=\"true\">\n\t\t\t\t<ul id=\"menu-2-abb40d6\" class=\"elementor-nav-menu\"><li class=\"menu-item menu-item-type-custom menu-item-object-custom menu-item-2076\"><a href=\"https:\/\/dba.science\/de\/\" class=\"elementor-item menu-link\" tabindex=\"-1\"><a href=\"https:\/\/dba.science\/de\/\" style=\"background-color:#000000\"><img decoding=\"async\" src=\"https:\/\/dba.science\/wp-content\/uploads\/2023\/09\/MicrosoftTeams-image-38.png\" alt=\"\" style=\"width: 65px; background-color: rgb(0, 0, 0);\"><\/a><\/a><\/li>\n<\/ul>\t\t\t<\/nav>\n\t\t\t\t\t\t<\/div>\n\t\t\t\t<\/div>\n\t\t\t\t\t<\/div>\n\t\t<\/div>\n\t\t\t\t\t<\/div>\n\t\t<\/section>\n\t\t\t\t<section class=\"elementor-section elementor-top-section elementor-element elementor-element-453a78c elementor-section-stretched elementor-section-boxed elementor-section-height-default elementor-section-height-default\" data-id=\"453a78c\" data-element_type=\"section\" data-e-type=\"section\" data-settings=\"{&quot;stretch_section&quot;:&quot;section-stretched&quot;,&quot;background_background&quot;:&quot;classic&quot;}\">\n\t\t\t\t\t\t<div class=\"elementor-container elementor-column-gap-default\">\n\t\t\t\t\t<div class=\"elementor-column elementor-col-100 elementor-top-column elementor-element elementor-element-93a366b\" data-id=\"93a366b\" data-element_type=\"column\" data-e-type=\"column\">\n\t\t\t<div class=\"elementor-widget-wrap elementor-element-populated\">\n\t\t\t\t\t\t<div class=\"elementor-element elementor-element-cb3ac23 elementor-widget elementor-widget-heading\" data-id=\"cb3ac23\" data-element_type=\"widget\" data-e-type=\"widget\" data-widget_type=\"heading.default\">\n\t\t\t\t<div class=\"elementor-widget-container\">\n\t\t\t\t\t<h2 class=\"elementor-heading-title elementor-size-default\">PARTNERSCHAFTSPORTAL<\/h2>\t\t\t\t<\/div>\n\t\t\t\t<\/div>\n\t\t\t\t<div class=\"elementor-element elementor-element-804ad4f elementor-widget elementor-widget-shortcode\" data-id=\"804ad4f\" data-element_type=\"widget\" data-e-type=\"widget\" data-widget_type=\"shortcode.default\">\n\t\t\t\t<div class=\"elementor-widget-container\">\n\t\t\t\t\t\t\t<div class=\"elementor-shortcode\">\n<div class=\"wpcf7 no-js\" id=\"wpcf7-f2329-o1\" lang=\"es-CO\" dir=\"ltr\" data-wpcf7-id=\"2329\">\n<div class=\"screen-reader-response\"><p role=\"status\" aria-live=\"polite\" aria-atomic=\"true\"><\/p> <ul><\/ul><\/div>\n<form action=\"\/de\/wp-json\/wp\/v2\/pages\/1778#wpcf7-f2329-o1\" method=\"post\" class=\"wpcf7-form init\" aria-label=\"Formulario de contacto\" enctype=\"multipart\/form-data\" novalidate=\"novalidate\" data-status=\"init\" data-trp-original-action=\"\/de\/wp-json\/wp\/v2\/pages\/1778#wpcf7-f2329-o1\">\n<fieldset class=\"hidden-fields-container\"><input type=\"hidden\" name=\"_wpcf7\" value=\"2329\" \/><input type=\"hidden\" name=\"_wpcf7_version\" value=\"6.1.5\" \/><input type=\"hidden\" name=\"_wpcf7_locale\" value=\"es_CO\" \/><input type=\"hidden\" name=\"_wpcf7_unit_tag\" value=\"wpcf7-f2329-o1\" \/><input type=\"hidden\" name=\"_wpcf7_container_post\" value=\"0\" \/><input type=\"hidden\" name=\"_wpcf7_posted_data_hash\" value=\"\" \/><input type=\"hidden\" name=\"_wpcf7_recaptcha_response\" value=\"\" \/>\n<\/fieldset>\n<div class=\"registro-doctor\">\n\t<h4>Partner Registrierung\n\t<\/h4>\n\t<div style=\"width: 48%; float: left;\">\n <!-- Nombres -->\n\t\t<p><label for=\"nombres\" style=\"display: block;\">Namen:<span class=\"required\">*<\/span><\/label><br \/>\n<span class=\"wpcf7-form-control-wrap\" data-name=\"nombres\"><input size=\"40\" maxlength=\"400\" class=\"wpcf7-form-control wpcf7-text wpcf7-validates-as-required\" id=\"nombres\" aria-required=\"true\" aria-invalid=\"false\" value=\"\" type=\"text\" name=\"nombres\" \/><\/span>\n\t\t<\/p>\n\n <!-- Edad -->\n\t\t<p><label for=\"edad\" style=\"display: block;\">Alter:<span class=\"required\">*<\/span><\/label><br \/>\n<span class=\"wpcf7-form-control-wrap\" data-name=\"edad\"><input class=\"wpcf7-form-control wpcf7-number wpcf7-validates-as-required wpcf7-validates-as-number\" id=\"edad\" aria-required=\"true\" aria-invalid=\"false\" value=\"\" type=\"number\" name=\"edad\" \/><\/span>\n\t\t<\/p>\n\n <!-- N\u00famero de registro m\u00e9dico -->\n\t\t<p><label for=\"registro-medico\" style=\"display: block;\">Medizinische Zulassungsnummer:<span class=\"required\">*<\/span><\/label><br \/>\n<span class=\"wpcf7-form-control-wrap\" data-name=\"registro-medico\"><input size=\"40\" maxlength=\"400\" class=\"wpcf7-form-control wpcf7-text wpcf7-validates-as-required\" id=\"registro-medico\" aria-required=\"true\" aria-invalid=\"false\" value=\"\" type=\"text\" name=\"registro-medico\" \/><\/span>\n\t\t<\/p>\n\n <!-- Subespecialidad -->\n\t\t<p><label for=\"subespecialidad\" style=\"display: block;\">Subspezialit\u00e4t:<\/label><br \/>\n<span class=\"wpcf7-form-control-wrap\" data-name=\"subespecialidad\"><input size=\"40\" maxlength=\"400\" class=\"wpcf7-form-control wpcf7-text\" id=\"subespecialidad\" aria-invalid=\"false\" value=\"\" type=\"text\" name=\"subespecialidad\" \/><\/span>\n\t\t<\/p>\n\n <!-- Adjunte t\u00edtulo grado m\u00e9dico, t\u00edtulo posgrado, t\u00edtulo follow -->\n\t\t<p><label style=\"display: block;\">F\u00fcgen Sie den\/die medizinischen Abschluss\/die medizinischen Abschl\u00fcsse, den\/die postgradualen Abschluss\/die postgradualen Abschl\u00fcsse an (max. 20MB pro Datei)<\/label><br \/>\n<span class=\"wpcf7-form-control-wrap\" data-name=\"adjunte-titulos\"><input size=\"40\" class=\"wpcf7-form-control wpcf7-file wpcf7-validates-as-required\" id=\"adjunte-titulos\" accept=\"audio\/*,video\/*,image\/*\" aria-required=\"true\" aria-invalid=\"false\" type=\"file\" name=\"adjunte-titulos\" \/><\/span>\n\t\t<\/p>\n\n <!-- Adjunte carnet lugar de trabajo -->\n\t\t<p><label style=\"display: block;\">Bitte f\u00fcgen Sie eine Kopie Ihres Arbeitsplatzes bei (maximal 20 MB pro Datei).<\/label><br \/>\n<span class=\"wpcf7-form-control-wrap\" data-name=\"adjunte-carnet\"><input size=\"40\" class=\"wpcf7-form-control wpcf7-file wpcf7-validates-as-required\" id=\"adjunte-carnet\" accept=\"audio\/*,video\/*,image\/*\" aria-required=\"true\" aria-invalid=\"false\" type=\"file\" name=\"adjunte-carnet\" \/><\/span>\n\t\t<\/p>\n\n <!-- Adjunte otros documentos -->\n\t\t<p><label style=\"display: block;\">Zus\u00e4tzliche Dokumente (maximal 20MB pro Datei)<\/label><br \/>\n<span class=\"wpcf7-form-control-wrap\" data-name=\"adjunte-otro\"><input size=\"40\" class=\"wpcf7-form-control wpcf7-file wpcf7-validates-as-required\" id=\"adjunte-otro\" accept=\"audio\/*,video\/*,image\/*\" aria-required=\"true\" aria-invalid=\"false\" type=\"file\" name=\"adjunte-otro\" \/><\/span>\n\t\t<\/p>\n\t<\/div>\n\t<div style=\"width: 48%; float: right;\">\n <!-- Apellidos -->\n\t\t<p><label for=\"apellidos\" style=\"display: block;\">Nachname:<span class=\"required\">*<\/span><\/label><br \/>\n<span class=\"wpcf7-form-control-wrap\" data-name=\"apellidos\"><input size=\"40\" maxlength=\"400\" class=\"wpcf7-form-control wpcf7-text wpcf7-validates-as-required\" id=\"apellidos\" aria-required=\"true\" aria-invalid=\"false\" value=\"\" type=\"text\" name=\"apellidos\" \/><\/span>\n\t\t<\/p>\n\n <!-- Correo -->\n\t\t<p><label for=\"correo\" style=\"display: block;\">E-Mail:<span class=\"required\">*<\/span><\/label><br \/>\n<span class=\"wpcf7-form-control-wrap\" data-name=\"correo\"><input size=\"40\" maxlength=\"400\" class=\"wpcf7-form-control wpcf7-email wpcf7-validates-as-required wpcf7-text wpcf7-validates-as-email\" id=\"correo\" aria-required=\"true\" aria-invalid=\"false\" value=\"\" type=\"email\" name=\"correo\" \/><\/span>\n\t\t<\/p>\n\n <!-- Hospital donde labora -->\n\t\t<p><label for=\"hospital-labora\" style=\"display: block;\">Krankenhaus, in dem er arbeitet:<span class=\"required\">*<\/span><\/label><br \/>\n<span class=\"wpcf7-form-control-wrap\" data-name=\"hospital-labora\"><input size=\"40\" maxlength=\"400\" class=\"wpcf7-form-control wpcf7-text wpcf7-validates-as-required\" id=\"hospital-labora\" aria-required=\"true\" aria-invalid=\"false\" value=\"\" type=\"text\" name=\"hospital-labora\" \/><\/span>\n\t\t<\/p>\n\n <!-- N\u00famero de celular -->\n\t\t<p><label for=\"numero-celular\" style=\"display: block;\">Mobiltelefonnummer:<span class=\"required\">*<\/span><\/label><br \/>\n<span class=\"wpcf7-form-control-wrap\" data-name=\"numero-celular\"><input size=\"40\" maxlength=\"400\" class=\"wpcf7-form-control wpcf7-tel wpcf7-validates-as-required wpcf7-text wpcf7-validates-as-tel\" id=\"numero-celular\" aria-required=\"true\" aria-invalid=\"false\" value=\"\" type=\"tel\" name=\"numero-celular\" \/><\/span>\n\t\t<\/p>\n\n <!-- G\u00e9nero -->\n\t\t<p><label for=\"genero\" style=\"display: block;\">Geschlecht:<\/label><br \/>\n<select id=\"genero\" name=\"genero\">\n <option value=\"masculino\">M\u00e4nnlich<\/option>\n <option value=\"femenino\">Weiblich<\/option>\n <option value=\"otro\">Eine weitere<\/option>\n <\/select>\n\t\t<\/p>\n\n <!-- Direcci\u00f3n de trabajo -->\n\t\t<p><label for=\"direccion-trabajo\" style=\"display: block;\">Arbeitsadresse:<\/label><br \/>\n<span class=\"wpcf7-form-control-wrap\" data-name=\"direccion-trabajo\"><input size=\"40\" maxlength=\"400\" class=\"wpcf7-form-control wpcf7-text\" id=\"direccion-trabajo\" aria-invalid=\"false\" value=\"\" type=\"text\" name=\"direccion-trabajo\" \/><\/span>\n\t\t<\/p>\n\n <!-- N\u00famero de tel\u00e9fono donde labora -->\n\t\t<p><label for=\"numero-telefono-labora\" style=\"display: block;\">Telefonnummer Ihres Arbeitsplatzes:<\/label><br \/>\n<span class=\"wpcf7-form-control-wrap\" data-name=\"numero-telefono-labora\"><input size=\"40\" maxlength=\"400\" class=\"wpcf7-form-control wpcf7-tel wpcf7-text wpcf7-validates-as-tel\" id=\"numero-telefono-labora\" aria-invalid=\"false\" value=\"\" type=\"tel\" name=\"numero-telefono-labora\" \/><\/span>\n\t\t<\/p>\n\t<\/div>\n\t<div style=\"clear: both;\">\n\t<\/div>\n<\/div>\n<div style=\"text-align: center !important; align-items: center\">\n <!-- Aceptaci\u00f3n de t\u00e9rminos y condiciones de uso -->\n\t<p><label>Bedingungen und Konditionen der Informationen<span class=\"required\">*<\/span><br \/>\n<span class=\"wpcf7-form-control-wrap\" data-name=\"terminos\"><span class=\"wpcf7-form-control wpcf7-acceptance\"><span class=\"wpcf7-list-item\"><label><input type=\"checkbox\" name=\"terminos\" value=\"1\" aria-invalid=\"false\" \/><span class=\"wpcf7-list-item-label\"><a href=\"https:\/\/uninavarra.edu.co\/wp-content\/uploads\/2019\/09\/ACUERDO-002-Manual-de-Pol%C3%ADticas-para-el-Tratamiento-de-Datos-Personales.pdf\" style=\"color:#ff0000; width:100% !important\" class=\"fancybox\"><span class=\"required\">*<\/span>Ich habe die Verarbeitung personenbezogener Daten gelesen und akzeptiere sie. <\/a><\/span><\/label><\/span><\/span><\/span><br \/>\n<\/label>\n\t<\/p>\n\n <!-- Bot\u00f3n de env\u00edo -->\n\t<p><input class=\"wpcf7-form-control wpcf7-submit has-spinner\" type=\"submit\" value=\"Registrierung beantragen\" \/>\n\t<\/p>\n<\/div><input type='hidden' class='wpcf7-pum' value='{\"closepopup\":false,\"closedelay\":0,\"openpopup\":false,\"openpopup_id\":0}' \/><div class=\"wpcf7-response-output\" aria-hidden=\"true\"><\/div>\n<input type=\"hidden\" name=\"trp-form-language\" value=\"de\"\/><\/form>\n<\/div>\n<\/div>\n\t\t\t\t\t\t<\/div>\n\t\t\t\t<\/div>\n\t\t\t\t\t<\/div>\n\t\t<\/div>\n\t\t\t\t\t<\/div>\n\t\t<\/section>\n\t\t\t\t<\/div>","protected":false},"excerpt":{"rendered":"<p>PARTNERSCHAFTSPORTAL<\/p>","protected":false},"author":1,"featured_media":0,"parent":1772,"menu_order":0,"comment_status":"closed","ping_status":"closed","template":"","meta":{"pmpro_default_level":"","site-sidebar-layout":"default","site-content-layout":"","ast-site-content-layout":"","site-content-style":"default","site-sidebar-style":"default","ast-global-header-display":"","ast-banner-title-visibility":"","ast-main-header-display":"","ast-hfb-above-header-display":"","ast-hfb-below-header-display":"","ast-hfb-mobile-header-display":"","site-post-title":"","ast-breadcrumbs-content":"","ast-featured-img":"","footer-sml-layout":"","theme-transparent-header-meta":"","adv-header-id-meta":"","stick-header-meta":"","header-above-stick-meta":"","header-main-stick-meta":"","header-below-stick-meta":"","astra-migrate-meta-layouts":"default","ast-page-background-enabled":"default","ast-page-background-meta":{"desktop":{"background-color":"var(--ast-global-color-4)","background-image":"","background-repeat":"repeat","background-position":"center center","background-size":"auto","background-attachment":"scroll","background-type":"","background-media":"","overlay-type":"","overlay-color":"","overlay-gradient":""},"tablet":{"background-color":"","background-image":"","background-repeat":"repeat","background-position":"center center","background-size":"auto","background-attachment":"scroll","background-type":"","background-media":"","overlay-type":"","overlay-color":"","overlay-gradient":""},"mobile":{"background-color":"","background-image":"","background-repeat":"repeat","background-position":"center center","background-size":"auto","background-attachment":"scroll","background-type":"","background-media":"","overlay-type":"","overlay-color":"","overlay-gradient":""}},"ast-content-background-meta":{"desktop":{"background-color":"var(--ast-global-color-5)","background-image":"","background-repeat":"repeat","background-position":"center center","background-size":"auto","background-attachment":"scroll","background-type":"","background-media":"","overlay-type":"","overlay-color":"","overlay-gradient":""},"tablet":{"background-color":"var(--ast-global-color-5)","background-image":"","background-repeat":"repeat","background-position":"center center","background-size":"auto","background-attachment":"scroll","background-type":"","background-media":"","overlay-type":"","overlay-color":"","overlay-gradient":""},"mobile":{"background-color":"var(--ast-global-color-5)","background-image":"","background-repeat":"repeat","background-position":"center center","background-size":"auto","background-attachment":"scroll","background-type":"","background-media":"","overlay-type":"","overlay-color":"","overlay-gradient":""}},"footnotes":""},"class_list":["post-1778","page","type-page","status-publish","hentry","pmpro-has-access"],"_links":{"self":[{"href":"https:\/\/dba.science\/de\/wp-json\/wp\/v2\/pages\/1778","targetHints":{"allow":["GET"]}}],"collection":[{"href":"https:\/\/dba.science\/de\/wp-json\/wp\/v2\/pages"}],"about":[{"href":"https:\/\/dba.science\/de\/wp-json\/wp\/v2\/types\/page"}],"author":[{"embeddable":true,"href":"https:\/\/dba.science\/de\/wp-json\/wp\/v2\/users\/1"}],"replies":[{"embeddable":true,"href":"https:\/\/dba.science\/de\/wp-json\/wp\/v2\/comments?post=1778"}],"version-history":[{"count":0,"href":"https:\/\/dba.science\/de\/wp-json\/wp\/v2\/pages\/1778\/revisions"}],"up":[{"embeddable":true,"href":"https:\/\/dba.science\/de\/wp-json\/wp\/v2\/pages\/1772"}],"wp:attachment":[{"href":"https:\/\/dba.science\/de\/wp-json\/wp\/v2\/media?parent=1778"}],"curies":[{"name":"wp","href":"https:\/\/api.w.org\/{rel}","templated":true}]}}