{"id":13,"date":"2022-08-24T08:19:39","date_gmt":"2022-08-24T13:19:39","guid":{"rendered":"http:\/\/localhost\/simulacion\/?page_id=13"},"modified":"2024-03-06T13:56:18","modified_gmt":"2024-03-06T18:56:18","slug":"about","status":"publish","type":"page","link":"https:\/\/dba.science\/de\/about\/","title":{"rendered":"WIR SIND"},"content":{"rendered":"<div data-elementor-type=\"wp-page\" data-elementor-id=\"13\" class=\"elementor elementor-13\" data-elementor-post-type=\"page\">\n\t\t\t\t\t\t<section class=\"elementor-section elementor-top-section elementor-element elementor-element-42e0c6d elementor-section-full_width elementor-section-stretched elementor-section-height-default elementor-section-height-default\" data-id=\"42e0c6d\" data-element_type=\"section\" data-e-type=\"section\" data-settings=\"{&quot;stretch_section&quot;:&quot;section-stretched&quot;,&quot;background_background&quot;:&quot;classic&quot;}\">\n\t\t\t\t\t\t<div class=\"elementor-container elementor-column-gap-no\">\n\t\t\t\t\t<div class=\"elementor-column elementor-col-100 elementor-top-column elementor-element elementor-element-6cf43f4\" data-id=\"6cf43f4\" data-element_type=\"column\" data-e-type=\"column\">\n\t\t\t<div class=\"elementor-widget-wrap elementor-element-populated\">\n\t\t\t\t\t\t<div class=\"elementor-element elementor-element-865a155 elementor-nav-menu__align-center elementor-nav-menu--dropdown-tablet elementor-nav-menu__text-align-aside elementor-nav-menu--toggle elementor-nav-menu--burger elementor-widget elementor-widget-nav-menu\" data-id=\"865a155\" data-element_type=\"widget\" data-e-type=\"widget\" data-settings=\"{&quot;layout&quot;:&quot;horizontal&quot;,&quot;submenu_icon&quot;:{&quot;value&quot;:&quot;&lt;i class=\\&quot;fas fa-caret-down\\&quot;&gt;&lt;\\\/i&gt;&quot;,&quot;library&quot;:&quot;fa-solid&quot;},&quot;toggle&quot;:&quot;burger&quot;}\" data-widget_type=\"nav-menu.default\">\n\t\t\t\t<div class=\"elementor-widget-container\">\n\t\t\t\t\t\t\t\t<nav aria-label=\"Menu\" class=\"elementor-nav-menu--main elementor-nav-menu__container elementor-nav-menu--layout-horizontal e--pointer-underline e--animation-fade\">\n\t\t\t\t<ul id=\"menu-1-865a155\" class=\"elementor-nav-menu\"><li class=\"menu-item menu-item-type-custom menu-item-object-custom menu-item-2076\"><a href=\"https:\/\/dba.science\/de\/\" class=\"elementor-item menu-link\"><a href=\"https:\/\/dba.science\/de\/\" style=\"background-color:#000000\"><img decoding=\"async\" src=\"https:\/\/dba.science\/wp-content\/uploads\/2023\/09\/MicrosoftTeams-image-38.png\" alt=\"\" style=\"width: 65px; background-color: rgb(0, 0, 0);\"><\/a><\/a><\/li>\n<\/ul>\t\t\t<\/nav>\n\t\t\t\t\t<div class=\"elementor-menu-toggle\" role=\"button\" tabindex=\"0\" aria-label=\"Menu Toggle\" aria-expanded=\"false\">\n\t\t\t<i aria-hidden=\"true\" role=\"presentation\" class=\"elementor-menu-toggle__icon--open eicon-menu-bar\"><\/i><i aria-hidden=\"true\" role=\"presentation\" class=\"elementor-menu-toggle__icon--close eicon-close\"><\/i>\t\t<\/div>\n\t\t\t\t\t<nav class=\"elementor-nav-menu--dropdown elementor-nav-menu__container\" aria-hidden=\"true\">\n\t\t\t\t<ul id=\"menu-2-865a155\" class=\"elementor-nav-menu\"><li class=\"menu-item menu-item-type-custom menu-item-object-custom menu-item-2076\"><a href=\"https:\/\/dba.science\/de\/\" class=\"elementor-item menu-link\" tabindex=\"-1\"><a href=\"https:\/\/dba.science\/de\/\" style=\"background-color:#000000\"><img decoding=\"async\" src=\"https:\/\/dba.science\/wp-content\/uploads\/2023\/09\/MicrosoftTeams-image-38.png\" alt=\"\" style=\"width: 65px; background-color: rgb(0, 0, 0);\"><\/a><\/a><\/li>\n<\/ul>\t\t\t<\/nav>\n\t\t\t\t\t\t<\/div>\n\t\t\t\t<\/div>\n\t\t\t\t\t<\/div>\n\t\t<\/div>\n\t\t\t\t\t<\/div>\n\t\t<\/section>\n\t\t\t\t<section class=\"elementor-section elementor-top-section elementor-element elementor-element-a346bcb elementor-section-boxed elementor-section-height-default elementor-section-height-default\" data-id=\"a346bcb\" data-element_type=\"section\" data-e-type=\"section\">\n\t\t\t\t\t\t<div class=\"elementor-container elementor-column-gap-default\">\n\t\t\t\t\t<div class=\"elementor-column elementor-col-100 elementor-top-column elementor-element elementor-element-a7a5180\" data-id=\"a7a5180\" data-element_type=\"column\" data-e-type=\"column\">\n\t\t\t<div class=\"elementor-widget-wrap elementor-element-populated\">\n\t\t\t\t\t\t<div class=\"elementor-element elementor-element-966b339 elementor-widget elementor-widget-heading\" data-id=\"966b339\" data-element_type=\"widget\" data-e-type=\"widget\" data-widget_type=\"heading.default\">\n\t\t\t\t<div class=\"elementor-widget-container\">\n\t\t\t\t\t<h2 class=\"elementor-heading-title elementor-size-default\">WIR SIND<\/h2>\t\t\t\t<\/div>\n\t\t\t\t<\/div>\n\t\t\t\t\t<\/div>\n\t\t<\/div>\n\t\t\t\t\t<\/div>\n\t\t<\/section>\n\t\t\t\t<section class=\"elementor-section elementor-top-section elementor-element elementor-element-3d6547d elementor-section-boxed elementor-section-height-default elementor-section-height-default\" data-id=\"3d6547d\" data-element_type=\"section\" data-e-type=\"section\">\n\t\t\t\t\t\t<div class=\"elementor-container elementor-column-gap-default\">\n\t\t\t\t\t<div class=\"elementor-column elementor-col-100 elementor-top-column elementor-element elementor-element-4b1ce4c\" data-id=\"4b1ce4c\" data-element_type=\"column\" data-e-type=\"column\">\n\t\t\t<div class=\"elementor-widget-wrap elementor-element-populated\">\n\t\t\t\t\t\t<div class=\"elementor-element elementor-element-d23da96 elementor-widget elementor-widget-text-editor\" data-id=\"d23da96\" data-element_type=\"widget\" data-e-type=\"widget\" data-widget_type=\"text-editor.default\">\n\t\t\t\t<div class=\"elementor-widget-container\">\n\t\t\t\t\t\t\t\t\t<h3 style=\"text-align: center;\"><span style=\"color: #000000;\"><strong>Tiefe Hirnablation<\/strong><\/span><\/h3><p><span style=\"color: #000000;\">Innovatives medizinisches Verfahren im Bereich der Neurochirurgie, das den Einsatz von Laserger\u00e4ten zur selektiven Zerst\u00f6rung und\/oder Entfernung von Hirngewebe als Behandlungsalternative f\u00fcr neurologische Erkrankungen funktionellen und\/oder tumor\u00f6sen Ursprungs vorsieht.<\/span><\/p><p>\u00a0<\/p><h3 style=\"text-align: center;\"><span style=\"color: #000000;\"><strong>Epidemiologie von Hirntumoren<\/strong><\/span><\/h3><p><span style=\"color: #000000;\">Hirntumore und andere Tumore des zentralen Nervensystems machen 1% aller b\u00f6sartigen Neubildungen in den Vereinigten Staaten aus. Sie betreffen haupts\u00e4chlich Kinder und Jugendliche mit einer altersbereinigten Inzidenz von 3,55 F\u00e4llen pro 100.000 Personen. Bei Erwachsenen \u00fcber 40 Jahren sind sie die achth\u00e4ufigste Todesursache.<\/span><br \/><span style=\"color: #000000;\">Gliome gelten mit etwa 491 PPT3T der insgesamt gemeldeten F\u00e4lle als die wichtigste histologische Form der Pr\u00e4sentation. Es werden jedoch mindestens hundert weitere histologische Formen gemeldet, die je nach Alter, Geschlecht und geografischer Region variieren. In Kolumbien stellen die epidemiologischen Daten zu Hirntumoren eine gro\u00dfe Herausforderung f\u00fcr das Gesundheitssystem des Landes dar. Dies h\u00e4ngt vor allem mit den Schwierigkeiten bei der Erhebung genauer Daten zusammen, die die Festlegung von vorrangigen Pr\u00e4ventions- und Behandlungsstrategien im Gesundheitsbereich erleichtern.<\/span><\/p><p>\u00a0<\/p><h3 style=\"text-align: center;\"><span style=\"color: #000000;\"><strong>Ablative Operationen<\/strong><\/span><\/h3><p><span style=\"color: #000000;\">Ablative Operationen sind ein entscheidender Fortschritt bei der Behandlung einer Vielzahl von Krankheiten, einschlie\u00dflich tumorbedingter Pathologien. Sie haben die \u00dcberlebensraten und die Lebensqualit\u00e4t von Millionen von Menschen auf der ganzen Welt verbessert und die Wirksamkeit der Krebsbehandlung weltweit erh\u00f6ht. In Lateinamerika gibt es jedoch besorgniserregende sozio\u00f6konomische Probleme, die die Entwicklung der biomedizinischen Industrie seit jeher einschr\u00e4nken und daher Barrieren f\u00fcr den Zugang zu Gesundheitsdiensten errichtet haben, die mit hohen Gesundheitskosten und der Verarmung der betroffenen Familien verbunden sind.<\/span><\/p><p>\u00a0<\/p><h3 style=\"text-align: center;\"><span style=\"color: #000000;\"><strong>Mission<\/strong><\/span><\/h3><p><span style=\"color: #000000;\">Wir sind eine Organisation, die sich zum Ziel gesetzt hat, Forschungsinitiativen zu ablativen Therapien f\u00fcr die Behandlung von Tumorl\u00e4sionen im zentralen Nervensystem ins Leben zu rufen, indem wir eine sichere, zentralisierte und kollaborative Plattform f\u00fcr die Sammlung, Organisation und den Austausch hochwertiger Daten zur Epidemiologie, Diagnose, Behandlung und Nachsorge von Hirntumoren einrichten.<\/span><\/p><p>\u00a0<\/p><h3 style=\"text-align: center;\"><span style=\"color: #000000;\"><strong>Vision<\/strong><\/span><\/h3><p><span style=\"color: #000000;\">Wir wollen Pionierarbeit bei der Erfassung von Echtzeitdaten zu diagnostizierten Hirntumoren leisten und den medizinischen Fachkr\u00e4ften ein wertvolles Instrument f\u00fcr die \u00dcberwachung und Entscheidungsfindung auf der Grundlage pr\u00e4ziser Daten an die Hand geben, die wesentlich zu den Behandlungsergebnissen und der Lebensqualit\u00e4t derjenigen beitragen k\u00f6nnen, die mit diesen Krankheiten zu k\u00e4mpfen haben.<\/span><\/p>\t\t\t\t\t\t\t\t<\/div>\n\t\t\t\t<\/div>\n\t\t\t\t\t<\/div>\n\t\t<\/div>\n\t\t\t\t\t<\/div>\n\t\t<\/section>\n\t\t\t\t<\/div>","protected":false},"excerpt":{"rendered":"<p>WE ARE Deep Brain Ablation Procedimiento m\u00e9dico innovador en el campo de la neurocirug\u00eda que involucra el uso de dispositivos l\u00e1ser para la destrucci\u00f3n y\/o eliminaci\u00f3n selectiva del tejido cerebral como alternativa de tratamiento para condiciones neurol\u00f3gicas de origen funcional y\/o tumoral. \u00a0 Epidemiolog\u00eda de los tumores cerebrales Los tumores cerebrales y otros tumores del [&hellip;]<\/p>\n","protected":false},"author":1,"featured_media":0,"parent":0,"menu_order":0,"comment_status":"closed","ping_status":"closed","template":"","meta":{"pmpro_default_level":"0","site-sidebar-layout":"no-sidebar","site-content-layout":"page-builder","ast-site-content-layout":"full-width-container","site-content-style":"unboxed","site-sidebar-style":"unboxed","ast-global-header-display":"","ast-banner-title-visibility":"","ast-main-header-display":"","ast-hfb-above-header-display":"","ast-hfb-below-header-display":"","ast-hfb-mobile-header-display":"","site-post-title":"","ast-breadcrumbs-content":"","ast-featured-img":"disabled","footer-sml-layout":"","theme-transparent-header-meta":"","adv-header-id-meta":"","stick-header-meta":"","header-above-stick-meta":"","header-main-stick-meta":"","header-below-stick-meta":"","astra-migrate-meta-layouts":"set","ast-page-background-enabled":"default","ast-page-background-meta":{"desktop":{"background-color":"var(--ast-global-color-4)","background-image":"","background-repeat":"repeat","background-position":"center center","background-size":"auto","background-attachment":"scroll","background-type":"","background-media":"","overlay-type":"","overlay-color":"","overlay-gradient":""},"tablet":{"background-color":"","background-image":"","background-repeat":"repeat","background-position":"center center","background-size":"auto","background-attachment":"scroll","background-type":"","background-media":"","overlay-type":"","overlay-color":"","overlay-gradient":""},"mobile":{"background-color":"","background-image":"","background-repeat":"repeat","background-position":"center center","background-size":"auto","background-attachment":"scroll","background-type":"","background-media":"","overlay-type":"","overlay-color":"","overlay-gradient":""}},"ast-content-background-meta":{"desktop":{"background-color":"var(--ast-global-color-5)","background-image":"","background-repeat":"repeat","background-position":"center center","background-size":"auto","background-attachment":"scroll","background-type":"","background-media":"","overlay-type":"","overlay-color":"","overlay-gradient":""},"tablet":{"background-color":"var(--ast-global-color-5)","background-image":"","background-repeat":"repeat","background-position":"center center","background-size":"auto","background-attachment":"scroll","background-type":"","background-media":"","overlay-type":"","overlay-color":"","overlay-gradient":""},"mobile":{"background-color":"var(--ast-global-color-5)","background-image":"","background-repeat":"repeat","background-position":"center center","background-size":"auto","background-attachment":"scroll","background-type":"","background-media":"","overlay-type":"","overlay-color":"","overlay-gradient":""}},"footnotes":""},"class_list":["post-13","page","type-page","status-publish","hentry","pmpro-has-access"],"_links":{"self":[{"href":"https:\/\/dba.science\/de\/wp-json\/wp\/v2\/pages\/13","targetHints":{"allow":["GET"]}}],"collection":[{"href":"https:\/\/dba.science\/de\/wp-json\/wp\/v2\/pages"}],"about":[{"href":"https:\/\/dba.science\/de\/wp-json\/wp\/v2\/types\/page"}],"author":[{"embeddable":true,"href":"https:\/\/dba.science\/de\/wp-json\/wp\/v2\/users\/1"}],"replies":[{"embeddable":true,"href":"https:\/\/dba.science\/de\/wp-json\/wp\/v2\/comments?post=13"}],"version-history":[{"count":0,"href":"https:\/\/dba.science\/de\/wp-json\/wp\/v2\/pages\/13\/revisions"}],"wp:attachment":[{"href":"https:\/\/dba.science\/de\/wp-json\/wp\/v2\/media?parent=13"}],"curies":[{"name":"wp","href":"https:\/\/api.w.org\/{rel}","templated":true}]}}